{"id":19,"date":"2025-07-09T22:36:42","date_gmt":"2025-07-09T22:36:42","guid":{"rendered":"https:\/\/za-bolje-sutra.ddmaestral.hr\/?page_id=19"},"modified":"2025-12-15T11:43:14","modified_gmt":"2025-12-15T10:43:14","slug":"pocetna","status":"publish","type":"page","link":"https:\/\/za-bolje-sutra.ddmaestral.hr\/","title":{"rendered":"Po\u010detna"},"content":{"rendered":"<p>[et_pb_section fb_built=&#8221;1&#8243; admin_label=&#8221;Header&#8221; _builder_version=&#8221;4.27.5&#8243; _module_preset=&#8221;default&#8221; background_color=&#8221;#282e6d&#8221; collapsed=&#8221;off&#8221; global_colors_info=&#8221;{}&#8221;][et_pb_row column_structure=&#8221;3_5,2_5&#8243; _builder_version=&#8221;4.19.2&#8243; _module_preset=&#8221;default&#8221; global_colors_info=&#8221;{}&#8221;][et_pb_column type=&#8221;3_5&#8243; _builder_version=&#8221;4.19.2&#8243; _module_preset=&#8221;default&#8221; global_colors_info=&#8221;{}&#8221;][et_pb_text _builder_version=&#8221;4.27.5&#8243; _module_preset=&#8221;d94578cb-44c1-4a68-bb5f-a189e82f9702&#8243; header_text_color=&#8221;#FFFFFF&#8221; z_index=&#8221;12&#8243; custom_margin_tablet=&#8221;||-40px||false|false&#8221; custom_margin_phone=&#8221;||-30px||false|false&#8221; custom_margin_last_edited=&#8221;off|desktop&#8221; global_colors_info=&#8221;{}&#8221;]<\/p>\n<h1>Za bolje sutra<\/h1>\n<p>[\/et_pb_text][et_pb_text _builder_version=&#8221;4.27.5&#8243; _module_preset=&#8221;cf05e08f-1489-46b6-8cb8-976088ec38db&#8221; text_text_color=&#8221;#FFFFFF&#8221; global_colors_info=&#8221;{}&#8221;]<\/p>\n<p>\u201eZa bolje sutra\u201c je projekt dvoje mladih osoba iz Maestrala. Ovim projektom informiramo gra\u0111ane Splita i okolice o svim mogu\u0107nostima koje imaju za njihov daljnji napredak u karijernom smislu &#8211; edukacije, te\u010dajevi i ve\u010dernje \u0161kole. Ukratko &#8211; \u201eSve u Splitu na jednom mistu!\u201c&#8230;<\/p>\n<p>[\/et_pb_text][\/et_pb_column][et_pb_column type=&#8221;2_5&#8243; _builder_version=&#8221;4.19.2&#8243; _module_preset=&#8221;default&#8221; global_colors_info=&#8221;{}&#8221;][et_pb_image src=&#8221;https:\/\/za-bolje-sutra.ddmaestral.hr\/wp-content\/uploads\/2025\/12\/zbs-016.png&#8221; _builder_version=&#8221;4.27.5&#8243; _module_preset=&#8221;default&#8221; border_radii=&#8221;on|10px|10px|10px|10px&#8221; box_shadow_style=&#8221;preset1&#8243; box_shadow_horizontal=&#8221;2px&#8221; box_shadow_vertical=&#8221;0px&#8221; box_shadow_blur=&#8221;20px&#8221; box_shadow_spread=&#8221;5px&#8221; box_shadow_color=&#8221;#FFFFFF&#8221; global_colors_info=&#8221;{}&#8221;][\/et_pb_image][\/et_pb_column][\/et_pb_row][\/et_pb_section][et_pb_section fb_built=&#8221;1&#8243; theme_builder_area=&#8221;post_content&#8221; _builder_version=&#8221;4.27.5&#8243; _module_preset=&#8221;default&#8221;][et_pb_row _builder_version=&#8221;4.27.5&#8243; _module_preset=&#8221;default&#8221; column_structure=&#8221;1_2,1_2&#8243; theme_builder_area=&#8221;post_content&#8221;][et_pb_column _builder_version=&#8221;4.27.5&#8243; _module_preset=&#8221;default&#8221; type=&#8221;1_2&#8243; theme_builder_area=&#8221;post_content&#8221;][et_pb_image src=&#8221;https:\/\/za-bolje-sutra.ddmaestral.hr\/wp-content\/uploads\/2025\/12\/zbs-015.png&#8221; title_text=&#8221;lms-11&#8243; _builder_version=&#8221;4.27.5&#8243; _module_preset=&#8221;default&#8221; custom_margin=&#8221;|||-5vw|false|false&#8221; border_radii=&#8221;on|10px|10px|10px|10px&#8221; box_shadow_style=&#8221;preset1&#8243; box_shadow_spread=&#8221;10px&#8221; box_shadow_color=&#8221;rgba(0,0,0,0.4)&#8221; global_colors_info=&#8221;{}&#8221; theme_builder_area=&#8221;post_content&#8221;][\/et_pb_image][\/et_pb_column][et_pb_column _builder_version=&#8221;4.27.5&#8243; _module_preset=&#8221;default&#8221; type=&#8221;1_2&#8243; theme_builder_area=&#8221;post_content&#8221;][et_pb_text _builder_version=&#8221;4.27.5&#8243; _module_preset=&#8221;cf05e08f-1489-46b6-8cb8-976088ec38db&#8221; global_colors_info=&#8221;{}&#8221; theme_builder_area=&#8221;post_content&#8221;]<\/p>\n<p>Smatramo da je edukacija iznimno va\u017ena, stoga ovim projektom dobivate uvid u sve Va\u0161e mogu\u0107nosti za Va\u0161 daljnji napredak u karijernom smislu. Od stranih jezika, kulinarstva i slastica pa sve do kozmetike, imate mnogobrojne mogu\u0107nosti za sve interese.<\/p>\n<p>Ovim projektom tako\u0111er poma\u017eemo nama &#8211; mladima u \u201epovremenoj podr\u0161ci Maestrala\u201c da platimo te\u010dajeve i edukacije za nas.<\/p>\n<p>Na stranici se nalazi QR kod pomo\u0107u kojeg mo\u017eete donirati financijska sredstva pomo\u0107u kojih \u0107emo platiti na\u0161e daljnje obrazovanje.<\/p>\n<p>Tako\u0111er, jedan manji dio svih sredstava \u0107e i\u0107i u daljnji napredak ovoga projekta. Kao \u0161to smo ve\u0107 rekli, smatramo da je obrazovanje i daljnje razvijanje na\u0161ih potencijala u karijernom smislu va\u017eno, pogotovo za nas koji smo u sustavu iz kojega \u0107emo jednog dana svi morati oti\u0107i. \u017delimo iskoristiti ovu priliku da se bavimo onime \u0161to volimo, \u0161to nas ispunjava, onime u \u010demu smo najbolji \ud83d\ude42<\/p>\n<p>Svaki oblik podr\u0161ke zna\u010di, ne samo u financijskom obliku, ve\u0107 i u \u0161irenju ovoga projekta (npr. dijeljenjem na dru\u0161tvene mre\u017ee i sl.).<\/p>\n<p>I mali podsjetnik &#8211; \u201eNIKADA NIJE KASNO ZA TVOJE BOLJE SUTRA!\u201c<\/p>\n<p>Zahvaljujemo se na podr\u0161ci koju smo dobili za ovaj projekt!!!<\/p>\n<p>\u201eZa bolje sutra\u201c tim &#8211; Lea i Luka &lt;3<\/p>\n<p>[\/et_pb_text][\/et_pb_column][\/et_pb_row][\/et_pb_section][et_pb_section fb_built=&#8221;1&#8243; admin_label=&#8221;Header&#8221; _builder_version=&#8221;4.27.5&#8243; _module_preset=&#8221;default&#8221; background_color=&#8221;#ec1067&#8243; background_enable_image=&#8221;off&#8221; collapsed=&#8221;off&#8221; global_colors_info=&#8221;{}&#8221;][et_pb_row column_structure=&#8221;3_5,2_5&#8243; _builder_version=&#8221;4.19.2&#8243; _module_preset=&#8221;default&#8221; global_colors_info=&#8221;{}&#8221;][et_pb_column type=&#8221;3_5&#8243; _builder_version=&#8221;4.19.2&#8243; _module_preset=&#8221;default&#8221; global_colors_info=&#8221;{}&#8221;][et_pb_text _builder_version=&#8221;4.27.5&#8243; _module_preset=&#8221;d94578cb-44c1-4a68-bb5f-a189e82f9702&#8243; header_text_color=&#8221;#FFFFFF&#8221; z_index=&#8221;12&#8243; global_colors_info=&#8221;{}&#8221;]<\/p>\n<h1>DONACIJE<\/h1>\n<p>[\/et_pb_text][et_pb_text _builder_version=&#8221;4.27.5&#8243; _module_preset=&#8221;cf05e08f-1489-46b6-8cb8-976088ec38db&#8221; text_text_color=&#8221;#FFFFFF&#8221; global_colors_info=&#8221;{}&#8221;]<\/p>\n<p>QR kod pomo\u0107u kojeg mo\u017eete donirati financijska sredstva pomo\u0107u kojih \u0107emo platiti na\u0161e daljnje obrazovanje.<\/p>\n<p>Jedan manji dio svih sredstava \u0107e i\u0107i u daljnji napredak ovog projekta.<\/p>\n<p>[\/et_pb_text][\/et_pb_column][et_pb_column type=&#8221;2_5&#8243; _builder_version=&#8221;4.19.2&#8243; _module_preset=&#8221;default&#8221; global_colors_info=&#8221;{}&#8221;][et_pb_text _builder_version=&#8221;4.27.5&#8243; _module_preset=&#8221;default&#8221; text_text_color=&#8221;#FFFFFF&#8221; global_colors_info=&#8221;{}&#8221;]<\/p>\n<p style=\"text-align: center;\">QR kod skenirajte Va\u0161om aplikacijom internet bankarstva<\/p>\n<p>[\/et_pb_text][et_pb_image src=&#8221;https:\/\/za-bolje-sutra.ddmaestral.hr\/wp-content\/uploads\/2025\/12\/QR.png&#8221; align=&#8221;center&#8221; _builder_version=&#8221;4.27.5&#8243; _module_preset=&#8221;default&#8221; border_radii=&#8221;on|10px|10px|10px|10px&#8221; box_shadow_style=&#8221;preset1&#8243; box_shadow_horizontal=&#8221;2px&#8221; box_shadow_vertical=&#8221;0px&#8221; box_shadow_blur=&#8221;20px&#8221; box_shadow_spread=&#8221;5px&#8221; box_shadow_color=&#8221;#FFFFFF&#8221; global_colors_info=&#8221;{}&#8221;][\/et_pb_image][\/et_pb_column][\/et_pb_row][\/et_pb_section][et_pb_section fb_built=&#8221;1&#8243; admin_label=&#8221;Courses&#8221; _builder_version=&#8221;4.19.2&#8243; _module_preset=&#8221;default&#8221; background_color=&#8221;#F8FAFB&#8221; collapsed=&#8221;on&#8221; global_colors_info=&#8221;{}&#8221;][et_pb_row _builder_version=&#8221;4.19.2&#8243; _module_preset=&#8221;default&#8221; global_colors_info=&#8221;{}&#8221;][et_pb_column type=&#8221;4_4&#8243; _builder_version=&#8221;4.19.2&#8243; _module_preset=&#8221;default&#8221; global_colors_info=&#8221;{}&#8221;][et_pb_text _builder_version=&#8221;4.27.5&#8243; _module_preset=&#8221;a695a1fc-188a-4225-9e7d-180805d91dd8&#8243; header_2_font_size=&#8221;46px&#8221; text_orientation=&#8221;center&#8221; header_2_font_size_tablet=&#8221;26px&#8221; header_2_font_size_phone=&#8221;24px&#8221; header_2_font_size_last_edited=&#8221;on|phone&#8221; global_colors_info=&#8221;{}&#8221;]<\/p>\n<h2>NIKAD NIJE KASNO ZA TVOJE BOLJE SUTRA<\/h2>\n<p>[\/et_pb_text][\/et_pb_column][\/et_pb_row][et_pb_row column_structure=&#8221;1_2,1_2&#8243; custom_padding_last_edited=&#8221;on|tablet&#8221; _builder_version=&#8221;4.27.5&#8243; _module_preset=&#8221;default&#8221; custom_padding_tablet=&#8221;||0px||false|false&#8221; custom_padding_phone=&#8221;||0px||false|false&#8221; global_colors_info=&#8221;{}&#8221;][et_pb_column type=&#8221;1_2&#8243; _builder_version=&#8221;4.27.5&#8243; _dynamic_attributes=&#8221;link_option_url&#8221; _module_preset=&#8221;default&#8221; background_color=&#8221;#FFFFFF&#8221; custom_padding=&#8221;20px|20px|20px|20px|true|true&#8221; link_option_url=&#8221;@ET-DC@eyJkeW5hbWljIjp0cnVlLCJjb250ZW50IjoicG9zdF9saW5rX3VybF9wYWdlIiwic2V0dGluZ3MiOnsicG9zdF9pZCI6IjEwNyJ9fQ==@&#8221; border_radii=&#8221;on|15px|15px|15px|15px&#8221; global_colors_info=&#8221;{}&#8221;][et_pb_image src=&#8221;https:\/\/za-bolje-sutra.ddmaestral.hr\/wp-content\/uploads\/2025\/12\/001-1080.jpeg&#8221; title_text=&#8221;lms-1&#8243; align=&#8221;center&#8221; _builder_version=&#8221;4.27.5&#8243; _module_preset=&#8221;default&#8221; background_color=&#8221;#F8FAFB&#8221; max_height=&#8221;200px&#8221; custom_padding=&#8221;20px|20px|20px|20px|true|true&#8221; border_radii=&#8221;on|10px|10px|10px|10px&#8221; box_shadow_style=&#8221;preset1&#8243; box_shadow_spread=&#8221;4px&#8221; box_shadow_color=&#8221;rgba(0,0,0,0.5)&#8221; global_colors_info=&#8221;{}&#8221;][\/et_pb_image][et_pb_text _builder_version=&#8221;4.27.5&#8243; _module_preset=&#8221;94ef3d48-1ca0-4bc4-8f11-e6bfea00dc62&#8243; custom_margin=&#8221;||0px||false|false&#8221; global_colors_info=&#8221;{}&#8221;]<\/p>\n<h3>Ve\u010dernje \u0161kole<\/h3>\n<p>[\/et_pb_text][et_pb_text _builder_version=&#8221;4.27.5&#8243; _module_preset=&#8221;604406e0-9e1e-44d8-9b9a-730f56cd6250&#8243; global_colors_info=&#8221;{}&#8221;]<\/p>\n<p>\u017delite zavr\u0161iti srednju \u0161kolu, prekvalificirati se ili ste\u0107i dodatno zvanje? Ve\u010dernje \u0161kole su <b>najfleksibilniji put do formalnog obrazovanja<\/b> za odrasle. Nastava je prilago\u0111ena radnom vremenu, a programi su usmjereni na brzi povratak u svijet u\u010denja i stjecanje <b>priznatih diploma i svjedod\u017ebi<\/b>. Zapo\u010dnite svoje obrazovanje ve\u010deras!<\/p>\n<p>[\/et_pb_text][\/et_pb_column][et_pb_column type=&#8221;1_2&#8243; _builder_version=&#8221;4.27.5&#8243; _dynamic_attributes=&#8221;link_option_url&#8221; _module_preset=&#8221;default&#8221; background_color=&#8221;#FFFFFF&#8221; custom_padding=&#8221;20px|20px|20px|20px|true|true&#8221; link_option_url=&#8221;@ET-DC@eyJkeW5hbWljIjp0cnVlLCJjb250ZW50IjoicG9zdF9saW5rX3VybF9wYWdlIiwic2V0dGluZ3MiOnsicG9zdF9pZCI6IjIzIn19@&#8221; border_radii=&#8221;on|15px|15px|15px|15px&#8221; global_colors_info=&#8221;{}&#8221;][et_pb_image src=&#8221;https:\/\/za-bolje-sutra.ddmaestral.hr\/wp-content\/uploads\/2025\/12\/002-1080.jpeg&#8221; title_text=&#8221;lms2&#8243; align=&#8221;center&#8221; _builder_version=&#8221;4.27.5&#8243; _module_preset=&#8221;default&#8221; background_color=&#8221;#F8FAFB&#8221; max_height=&#8221;200px&#8221; custom_padding=&#8221;20px|20px|20px|20px|true|true&#8221; border_radii=&#8221;on|10px|10px|10px|10px&#8221; box_shadow_style=&#8221;preset1&#8243; box_shadow_spread=&#8221;4px&#8221; box_shadow_color=&#8221;rgba(0,0,0,0.5)&#8221; locked=&#8221;off&#8221; global_colors_info=&#8221;{}&#8221;][\/et_pb_image][et_pb_text _builder_version=&#8221;4.27.5&#8243; _module_preset=&#8221;94ef3d48-1ca0-4bc4-8f11-e6bfea00dc62&#8243; custom_margin=&#8221;||0px||false|false&#8221; global_colors_info=&#8221;{}&#8221;]<\/p>\n<h3>Te\u010dajevi i edukacije<\/h3>\n<p>[\/et_pb_text][et_pb_text _builder_version=&#8221;4.27.5&#8243; _module_preset=&#8221;604406e0-9e1e-44d8-9b9a-730f56cd6250&#8243; global_colors_info=&#8221;{}&#8221;]<\/p>\n<p>Trebate <b>konkretne vje\u0161tine<\/b> za brzi napredak u karijeri? Na\u0161i te\u010dajevi i edukacije nude ciljano u\u010denje i <b>najsuvremenije trendove<\/b> iz razli\u010ditih podru\u010dja \u2013 od digitalnog marketinga do specijaliziranih zanata. Fokusiramo se na <b>primjenjivost i certifikaciju<\/b>. Osvje\u017eite svoj \u017eivotopis novim, relevantnim znanjem!<\/p>\n<p>[\/et_pb_text][\/et_pb_column][\/et_pb_row][et_pb_row column_structure=&#8221;1_2,1_2&#8243; custom_padding_last_edited=&#8221;on|tablet&#8221; _builder_version=&#8221;4.27.5&#8243; _module_preset=&#8221;default&#8221; custom_padding_tablet=&#8221;||0px||false|false&#8221; custom_padding_phone=&#8221;||0px||false|false&#8221; global_colors_info=&#8221;{}&#8221;][et_pb_column type=&#8221;1_2&#8243; _builder_version=&#8221;4.27.5&#8243; _dynamic_attributes=&#8221;link_option_url&#8221; _module_preset=&#8221;default&#8221; background_color=&#8221;#FFFFFF&#8221; custom_padding=&#8221;20px|20px|20px|20px|true|true&#8221; link_option_url=&#8221;@ET-DC@eyJkeW5hbWljIjp0cnVlLCJjb250ZW50IjoicG9zdF9saW5rX3VybF9wYWdlIiwic2V0dGluZ3MiOnsicG9zdF9pZCI6IjEwOSJ9fQ==@&#8221; border_radii=&#8221;on|15px|15px|15px|15px&#8221; global_colors_info=&#8221;{}&#8221;][et_pb_image src=&#8221;https:\/\/za-bolje-sutra.ddmaestral.hr\/wp-content\/uploads\/2025\/12\/003-1080.jpeg&#8221; title_text=&#8221;lms-3&#8243; align=&#8221;center&#8221; _builder_version=&#8221;4.27.5&#8243; _module_preset=&#8221;default&#8221; background_color=&#8221;#F8FAFB&#8221; max_height=&#8221;200px&#8221; custom_padding=&#8221;20px|20px|20px|20px|true|true&#8221; border_radii=&#8221;on|10px|10px|10px|10px&#8221; box_shadow_style=&#8221;preset1&#8243; box_shadow_spread=&#8221;4px&#8221; box_shadow_color=&#8221;rgba(0,0,0,0.5)&#8221; locked=&#8221;off&#8221; global_colors_info=&#8221;{}&#8221;][\/et_pb_image][et_pb_text _builder_version=&#8221;4.27.5&#8243; _module_preset=&#8221;94ef3d48-1ca0-4bc4-8f11-e6bfea00dc62&#8243; custom_margin=&#8221;||0px||false|false&#8221; global_colors_info=&#8221;{}&#8221;]<\/p>\n<h3>Prekvalifikacije<\/h3>\n<p>[\/et_pb_text][et_pb_text _builder_version=&#8221;4.27.5&#8243; _module_preset=&#8221;604406e0-9e1e-44d8-9b9a-730f56cd6250&#8243; global_colors_info=&#8221;{}&#8221;]<\/p>\n<p>\u017delite li raditi u novom sektoru? Prekvalifikacija je <b>najbr\u017ei na\u010din do nove slu\u017ebene diplome<\/b> i tra\u017eenog zanimanja. Programi su intenzivni, prakti\u010dni i <b>akreditirani<\/b>, osiguravaju\u0107i da s novim zvanjem odmah budete konkurentni na tr\u017ei\u0161tu rada. <b>Promijenite svoju karijeru danas!<\/b><\/p>\n<p>[\/et_pb_text][\/et_pb_column][et_pb_column type=&#8221;1_2&#8243; _builder_version=&#8221;4.27.5&#8243; _dynamic_attributes=&#8221;link_option_url&#8221; _module_preset=&#8221;default&#8221; background_color=&#8221;#FFFFFF&#8221; custom_padding=&#8221;20px|20px|20px|20px|true|true&#8221; link_option_url=&#8221;@ET-DC@eyJkeW5hbWljIjp0cnVlLCJjb250ZW50IjoicG9zdF9saW5rX3VybF9wYWdlIiwic2V0dGluZ3MiOnsicG9zdF9pZCI6IjI1In19@&#8221; border_radii=&#8221;on|15px|15px|15px|15px&#8221; global_colors_info=&#8221;{}&#8221;][et_pb_image src=&#8221;https:\/\/za-bolje-sutra.ddmaestral.hr\/wp-content\/uploads\/2025\/12\/004-1080.jpeg&#8221; title_text=&#8221;lms-4&#8243; align=&#8221;center&#8221; _builder_version=&#8221;4.27.5&#8243; _module_preset=&#8221;default&#8221; background_color=&#8221;#F8FAFB&#8221; max_height=&#8221;200px&#8221; custom_padding=&#8221;20px|20px|20px|20px|true|true&#8221; border_radii=&#8221;on|10px|10px|10px|10px&#8221; box_shadow_style=&#8221;preset1&#8243; box_shadow_spread=&#8221;4px&#8221; box_shadow_color=&#8221;rgba(0,0,0,0.5)&#8221; locked=&#8221;off&#8221; global_colors_info=&#8221;{}&#8221;][\/et_pb_image][et_pb_text _builder_version=&#8221;4.27.5&#8243; _module_preset=&#8221;94ef3d48-1ca0-4bc4-8f11-e6bfea00dc62&#8243; custom_margin=&#8221;||0px||false|false&#8221; global_colors_info=&#8221;{}&#8221;]<\/p>\n<h3>O projektu<\/h3>\n<p>[\/et_pb_text][et_pb_text _builder_version=&#8221;4.27.5&#8243; _module_preset=&#8221;604406e0-9e1e-44d8-9b9a-730f56cd6250&#8243; global_colors_info=&#8221;{}&#8221;]<\/p>\n<p>Vjerujemo u snagu edukacije! Ovaj projekt vam daje <b>uvid u sve mogu\u0107nosti<\/b> za karijerno usavr\u0161avanje. Posebno, podr\u017eite mlade iz <b>\u201epovremene podr\u0161ke Maestrala\u201c<\/b> u pla\u0107anju njihovog daljnjeg obrazovanja. <b>Va\u0161a financijska podr\u0161ka<\/b> (putem QR koda) ili dijeljenje projekta poma\u017ee nam da ostvarimo svoje potencijale. <b>NIKADA NIJE KASNO ZA TVOJE BOLJE SUTRA!<\/b><\/p>\n<p>[\/et_pb_text][\/et_pb_column][\/et_pb_row][\/et_pb_section][et_pb_section fb_built=&#8221;1&#8243; fullwidth=&#8221;on&#8221; _builder_version=&#8221;4.27.5&#8243; _module_preset=&#8221;default&#8221; global_colors_info=&#8221;{}&#8221;][et_pb_fullwidth_image src=&#8221;https:\/\/za-bolje-sutra.ddmaestral.hr\/wp-content\/uploads\/2025\/12\/zbs-100.png&#8221; _builder_version=&#8221;4.27.5&#8243; _module_preset=&#8221;default&#8221; global_colors_info=&#8221;{}&#8221;][\/et_pb_fullwidth_image][\/et_pb_section]<\/p>\n","protected":false},"excerpt":{"rendered":"<p>Za bolje sutra\u201eZa bolje sutra\u201c je projekt dvoje mladih osoba iz Maestrala. Ovim projektom informiramo gra\u0111ane Splita i okolice o svim mogu\u0107nostima koje imaju za njihov daljnji napredak u karijernom smislu &#8211; edukacije, te\u010dajevi i ve\u010dernje \u0161kole. Ukratko &#8211; \u201eSve u Splitu na jednom mistu!\u201c&#8230;Smatramo da je edukacija iznimno va\u017ena, stoga ovim projektom dobivate uvid [&hellip;]<\/p>\n","protected":false},"author":1,"featured_media":0,"parent":0,"menu_order":0,"comment_status":"closed","ping_status":"closed","template":"","meta":{"_et_pb_use_builder":"on","_et_pb_old_content":"<!-- wp:divi\/placeholder \/-->","_et_gb_content_width":"","footnotes":""},"class_list":["post-19","page","type-page","status-publish","hentry"],"_links":{"self":[{"href":"https:\/\/za-bolje-sutra.ddmaestral.hr\/index.php?rest_route=\/wp\/v2\/pages\/19","targetHints":{"allow":["GET"]}}],"collection":[{"href":"https:\/\/za-bolje-sutra.ddmaestral.hr\/index.php?rest_route=\/wp\/v2\/pages"}],"about":[{"href":"https:\/\/za-bolje-sutra.ddmaestral.hr\/index.php?rest_route=\/wp\/v2\/types\/page"}],"author":[{"embeddable":true,"href":"https:\/\/za-bolje-sutra.ddmaestral.hr\/index.php?rest_route=\/wp\/v2\/users\/1"}],"replies":[{"embeddable":true,"href":"https:\/\/za-bolje-sutra.ddmaestral.hr\/index.php?rest_route=%2Fwp%2Fv2%2Fcomments&post=19"}],"version-history":[{"count":43,"href":"https:\/\/za-bolje-sutra.ddmaestral.hr\/index.php?rest_route=\/wp\/v2\/pages\/19\/revisions"}],"predecessor-version":[{"id":294,"href":"https:\/\/za-bolje-sutra.ddmaestral.hr\/index.php?rest_route=\/wp\/v2\/pages\/19\/revisions\/294"}],"wp:attachment":[{"href":"https:\/\/za-bolje-sutra.ddmaestral.hr\/index.php?rest_route=%2Fwp%2Fv2%2Fmedia&parent=19"}],"curies":[{"name":"wp","href":"https:\/\/api.w.org\/{rel}","templated":true}]}}