{"id":112,"date":"2025-12-10T13:05:11","date_gmt":"2025-12-10T13:05:11","guid":{"rendered":"https:\/\/za-bolje-sutra.ddmaestral.hr\/?page_id=112"},"modified":"2025-12-15T11:37:07","modified_gmt":"2025-12-15T10:37:07","slug":"donacije","status":"publish","type":"page","link":"https:\/\/za-bolje-sutra.ddmaestral.hr\/?page_id=112","title":{"rendered":"Donacije"},"content":{"rendered":"<p>[et_pb_section fb_built=&#8221;1&#8243; admin_label=&#8221;Image&#8221; _builder_version=&#8221;4.27.5&#8243; _module_preset=&#8221;default&#8221; background_enable_color=&#8221;off&#8221; use_background_color_gradient=&#8221;on&#8221; background_color_gradient_stops=&#8221;#282e6d 0%|#4449e0 50%|#ffffff 50%&#8221; custom_padding=&#8221;||||false|false&#8221; collapsed=&#8221;on&#8221; global_colors_info=&#8221;{}&#8221;][et_pb_row _builder_version=&#8221;4.19.2&#8243; _module_preset=&#8221;default&#8221; custom_padding=&#8221;0px||0px||true|false&#8221; global_colors_info=&#8221;{}&#8221;][et_pb_column type=&#8221;4_4&#8243; _builder_version=&#8221;4.19.2&#8243; _module_preset=&#8221;default&#8221; global_colors_info=&#8221;{}&#8221;][et_pb_text _builder_version=&#8221;4.27.5&#8243; _module_preset=&#8221;fcfa7811-38dc-4e23-9367-6d67e5a9e89d&#8221; header_text_color=&#8221;#FFFFFF&#8221; custom_margin=&#8221;||10px||false|false&#8221; global_colors_info=&#8221;{}&#8221;]<\/p>\n<h1>Donacije<\/h1>\n<p>[\/et_pb_text][\/et_pb_column][\/et_pb_row][et_pb_row custom_padding_last_edited=&#8221;off|desktop&#8221; _builder_version=&#8221;4.19.2&#8243; _module_preset=&#8221;default&#8221; custom_padding=&#8221;0px||0px||true|false&#8221; custom_padding_tablet=&#8221;30px|30px|30px|30px|true|true&#8221; custom_padding_phone=&#8221;20px|20px|20px|20px|true|true&#8221; border_radii=&#8221;on|15px|15px|15px|15px&#8221; border_width_all=&#8221;20px&#8221; border_color_all=&#8221;#FFFFFF&#8221; global_colors_info=&#8221;{}&#8221;][et_pb_column type=&#8221;4_4&#8243; _builder_version=&#8221;4.19.2&#8243; _module_preset=&#8221;default&#8221; global_colors_info=&#8221;{}&#8221;][et_pb_image src=&#8221;https:\/\/za-bolje-sutra.ddmaestral.hr\/wp-content\/uploads\/2025\/12\/zbs-016.png&#8221; title_text=&#8221;lms-15&#8243; align=&#8221;center&#8221; force_fullwidth=&#8221;on&#8221; _builder_version=&#8221;4.27.5&#8243; _module_preset=&#8221;default&#8221; global_colors_info=&#8221;{}&#8221;][\/et_pb_image][\/et_pb_column][\/et_pb_row][\/et_pb_section][et_pb_section fb_built=&#8221;1&#8243; background_color_2=&#8221;#FFFFFF&#8221; padding_top_2=&#8221;30px&#8221; padding_right_2=&#8221;30px&#8221; padding_bottom_2=&#8221;30px&#8221; padding_left_2=&#8221;30px&#8221; padding_top_bottom_link_2=&#8221;true&#8221; padding_left_right_link_2=&#8221;true&#8221; _builder_version=&#8221;4.19.2&#8243; _module_preset=&#8221;default&#8221; background_color=&#8221;#F8FAFB&#8221; global_colors_info=&#8221;{}&#8221;][et_pb_row _builder_version=&#8221;4.19.2&#8243; _module_preset=&#8221;default&#8221; global_colors_info=&#8221;{}&#8221;][et_pb_column type=&#8221;4_4&#8243; _builder_version=&#8221;4.19.2&#8243; _module_preset=&#8221;default&#8221; global_colors_info=&#8221;{}&#8221;][et_pb_text _builder_version=&#8221;4.27.5&#8243; _module_preset=&#8221;a3a0ddf9-cad9-46fb-a70e-07431be4acd3&#8243; custom_margin=&#8221;||10px||false|false&#8221; locked=&#8221;off&#8221; global_colors_info=&#8221;{}&#8221;]<\/p>\n<h2>\ud83c\udf81 Donacije: Podr\u017eite na\u0161e obrazovanje i budu\u0107nost<\/h2>\n<p>[\/et_pb_text][et_pb_text _builder_version=&#8221;4.19.2&#8243; _module_preset=&#8221;e6a2bfb5-0442-429c-958a-0cc286810642&#8243; locked=&#8221;off&#8221; global_colors_info=&#8221;{}&#8221;]<\/p>\n<p data-path-to-node=\"3\">Hvala vam \u0161to ste prepoznali va\u017enost na\u0161eg projekta &#8220;Za bolje sutra&#8221;. Va\u0161a donacija izravno podr\u017eava <b>mlade u \u201epovremenoj podr\u0161ci Maestrala\u201c<\/b> u ostvarivanju njihovih obrazovnih ciljeva, pla\u0107anju te\u010dajeva i stjecanju vje\u0161tina klju\u010dnih za samostalan \u017eivot.<\/p>\n<p data-path-to-node=\"4\">Svaka uplata otvara nam vrata boljem sutra!<\/p>\n<p>[\/et_pb_text][\/et_pb_column][\/et_pb_row][\/et_pb_section][et_pb_section fb_built=&#8221;1&#8243; admin_label=&#8221;Header&#8221; _builder_version=&#8221;4.27.5&#8243; _module_preset=&#8221;default&#8221; background_color=&#8221;#ec1067&#8243; background_enable_image=&#8221;off&#8221; collapsed=&#8221;off&#8221; global_colors_info=&#8221;{}&#8221; theme_builder_area=&#8221;post_content&#8221;][et_pb_row column_structure=&#8221;3_5,2_5&#8243; _builder_version=&#8221;4.19.2&#8243; _module_preset=&#8221;default&#8221; global_colors_info=&#8221;{}&#8221; theme_builder_area=&#8221;post_content&#8221;][et_pb_column type=&#8221;3_5&#8243; _builder_version=&#8221;4.19.2&#8243; _module_preset=&#8221;default&#8221; global_colors_info=&#8221;{}&#8221; theme_builder_area=&#8221;post_content&#8221;][et_pb_text _builder_version=&#8221;4.27.5&#8243; _module_preset=&#8221;64ea1fc0-9429-42a5-a124-4d966e59c698&#8243; header_text_color=&#8221;#FFFFFF&#8221; z_index=&#8221;12&#8243; global_colors_info=&#8221;{}&#8221; theme_builder_area=&#8221;post_content&#8221;]<\/p>\n<h1>DONACIJE<\/h1>\n<p>[\/et_pb_text][et_pb_text _builder_version=&#8221;4.27.5&#8243; _module_preset=&#8221;0f5ec7f1-d5e0-4be0-a86d-5ab280b0f953&#8243; text_text_color=&#8221;#FFFFFF&#8221; global_colors_info=&#8221;{}&#8221; theme_builder_area=&#8221;post_content&#8221;]<\/p>\n<p>QR kod pomo\u0107u kojeg mo\u017eete donirati financijska sredstva pomo\u0107u kojih \u0107emo platiti na\u0161e daljnje obrazovanje.<\/p>\n<p>Jedan manji dio svih sredstava \u0107e i\u0107i u daljnji napredak ovog projekta.<\/p>\n<p>[\/et_pb_text][\/et_pb_column][et_pb_column type=&#8221;2_5&#8243; _builder_version=&#8221;4.19.2&#8243; _module_preset=&#8221;default&#8221; global_colors_info=&#8221;{}&#8221; theme_builder_area=&#8221;post_content&#8221;][et_pb_text _builder_version=&#8221;4.27.5&#8243; _module_preset=&#8221;default&#8221; text_text_color=&#8221;#FFFFFF&#8221; global_colors_info=&#8221;{}&#8221; theme_builder_area=&#8221;post_content&#8221;]<\/p>\n<p style=\"text-align: center;\">QR kod skenirajte Va\u0161om aplikacijom internet bankarstva<\/p>\n<p>[\/et_pb_text][et_pb_image src=&#8221;https:\/\/za-bolje-sutra.ddmaestral.hr\/wp-content\/uploads\/2025\/12\/QR.png&#8221; _builder_version=&#8221;4.27.5&#8243; _module_preset=&#8221;default&#8221; border_radii=&#8221;on|10px|10px|10px|10px&#8221; box_shadow_style=&#8221;preset1&#8243; box_shadow_horizontal=&#8221;2px&#8221; box_shadow_vertical=&#8221;0px&#8221; box_shadow_blur=&#8221;20px&#8221; box_shadow_spread=&#8221;5px&#8221; box_shadow_color=&#8221;#FFFFFF&#8221; global_colors_info=&#8221;{}&#8221; theme_builder_area=&#8221;post_content&#8221;][\/et_pb_image][\/et_pb_column][\/et_pb_row][\/et_pb_section][et_pb_section fb_built=&#8221;1&#8243; background_color_2=&#8221;#FFFFFF&#8221; padding_top_2=&#8221;30px&#8221; padding_right_2=&#8221;30px&#8221; padding_bottom_2=&#8221;30px&#8221; padding_left_2=&#8221;30px&#8221; padding_top_bottom_link_2=&#8221;true&#8221; padding_left_right_link_2=&#8221;true&#8221; _builder_version=&#8221;4.19.2&#8243; _module_preset=&#8221;default&#8221; background_color=&#8221;#F8FAFB&#8221; global_colors_info=&#8221;{}&#8221;][et_pb_row _builder_version=&#8221;4.19.2&#8243; _module_preset=&#8221;default&#8221; global_colors_info=&#8221;{}&#8221;][et_pb_column type=&#8221;4_4&#8243; _builder_version=&#8221;4.19.2&#8243; _module_preset=&#8221;default&#8221; global_colors_info=&#8221;{}&#8221;][et_pb_text _builder_version=&#8221;4.19.2&#8243; _module_preset=&#8221;a3a0ddf9-cad9-46fb-a70e-07431be4acd3&#8243; locked=&#8221;off&#8221; global_colors_info=&#8221;{}&#8221;]<\/p>\n<h2>\ud83d\udcb0 Na\u010dini doniranja<\/h2>\n<p>[\/et_pb_text][et_pb_text _builder_version=&#8221;4.27.5&#8243; _module_preset=&#8221;e6a2bfb5-0442-429c-958a-0cc286810642&#8243; custom_margin=&#8221;||10px||false|false&#8221; hover_enabled=&#8221;0&#8243; locked=&#8221;off&#8221; global_colors_info=&#8221;{}&#8221; sticky_enabled=&#8221;0&#8243;]<\/p>\n<ul>\n<li>\n<p data-path-to-node=\"6\">Mo\u017eete nam pomo\u0107i uplatom putem op\u0107e uplatnice\/Internet bankarstva ili skeniranjem prilo\u017eenog QR koda.<\/p>\n<h4 data-path-to-node=\"7\"><strong>1. Skeniranjem QR koda<\/strong><\/h4>\n<h4 data-path-to-node=\"9\"><strong>2. Podaci za uplatu (Internet bankarstvo \/ Uplatnica)<\/strong><\/h4>\n<p data-path-to-node=\"10\">Popunite uplatnicu sljede\u0107im obveznim podacima kako bi sredstva bila ispravno preusmjerena za na\u0161 projekt:<\/p>\n<table data-path-to-node=\"11\">\n<thead>\n<tr>\n<td><strong>Podatak<\/strong><\/td>\n<td><strong>Detalji<\/strong><\/td>\n<\/tr>\n<\/thead>\n<tbody>\n<tr>\n<td><span data-path-to-node=\"11,1,0,0\"><b>Primatelj<\/b><\/span><\/td>\n<td><span data-path-to-node=\"11,1,1,0\">Centar za pru\u017eanje usluga u zajednici Maestral, Jurja \u0160i\u017egori\u0107a 4, 21000 Split<\/span><\/td>\n<\/tr>\n<tr>\n<td><span data-path-to-node=\"11,2,0,0\"><b>IBAN (\u017diro ra\u010dun)<\/b><\/span><\/td>\n<td><span data-path-to-node=\"11,2,1,0\"><b>HR1023900011100024990<\/b><\/span><\/td>\n<\/tr>\n<tr>\n<td><span data-path-to-node=\"11,3,0,0\"><b>Iznos<\/b><\/span><\/td>\n<td><span data-path-to-node=\"11,3,1,0\">(Ostaviti prazno; unesite iznos po \u017eelji)<\/span><\/td>\n<\/tr>\n<tr>\n<td><span data-path-to-node=\"11,4,0,0\"><b>Model pla\u0107anja<\/b><\/span><\/td>\n<td><span data-path-to-node=\"11,4,1,0\"><b>99<\/b><\/span><\/td>\n<\/tr>\n<tr>\n<td><span data-path-to-node=\"11,5,0,0\"><b>Opis pla\u0107anja<\/b><\/span><\/td>\n<td><span data-path-to-node=\"11,5,1,0\"><b>Za bolje sutra<\/b><\/span><\/td>\n<\/tr>\n<\/tbody>\n<\/table>\n<\/li>\n<\/ul>\n<p>[\/et_pb_text][\/et_pb_column][\/et_pb_row][\/et_pb_section][et_pb_section fb_built=&#8221;1&#8243; fullwidth=&#8221;on&#8221; _builder_version=&#8221;4.27.5&#8243; _module_preset=&#8221;default&#8221; global_colors_info=&#8221;{}&#8221;][et_pb_fullwidth_image src=&#8221;https:\/\/za-bolje-sutra.ddmaestral.hr\/wp-content\/uploads\/2025\/12\/zbs-100.png&#8221; _builder_version=&#8221;4.27.5&#8243; _module_preset=&#8221;default&#8221; global_colors_info=&#8221;{}&#8221;][\/et_pb_fullwidth_image][\/et_pb_section]<\/p>\n","protected":false},"excerpt":{"rendered":"<p>Donacije\ud83c\udf81 Donacije: Podr\u017eite na\u0161e obrazovanje i budu\u0107nostHvala vam \u0161to ste prepoznali va\u017enost na\u0161eg projekta &#8220;Za bolje sutra&#8221;. Va\u0161a donacija izravno podr\u017eava mlade u \u201epovremenoj podr\u0161ci Maestrala\u201c u ostvarivanju njihovih obrazovnih ciljeva, pla\u0107anju te\u010dajeva i stjecanju vje\u0161tina klju\u010dnih za samostalan \u017eivot. Svaka uplata otvara nam vrata boljem sutra!DONACIJEQR kod pomo\u0107u kojeg mo\u017eete donirati financijska sredstva pomo\u0107u [&hellip;]<\/p>\n","protected":false},"author":1,"featured_media":0,"parent":0,"menu_order":0,"comment_status":"closed","ping_status":"closed","template":"","meta":{"_et_pb_use_builder":"on","_et_pb_old_content":"<!-- wp:divi\/placeholder \/-->","_et_gb_content_width":"","footnotes":""},"class_list":["post-112","page","type-page","status-publish","hentry"],"_links":{"self":[{"href":"https:\/\/za-bolje-sutra.ddmaestral.hr\/index.php?rest_route=\/wp\/v2\/pages\/112","targetHints":{"allow":["GET"]}}],"collection":[{"href":"https:\/\/za-bolje-sutra.ddmaestral.hr\/index.php?rest_route=\/wp\/v2\/pages"}],"about":[{"href":"https:\/\/za-bolje-sutra.ddmaestral.hr\/index.php?rest_route=\/wp\/v2\/types\/page"}],"author":[{"embeddable":true,"href":"https:\/\/za-bolje-sutra.ddmaestral.hr\/index.php?rest_route=\/wp\/v2\/users\/1"}],"replies":[{"embeddable":true,"href":"https:\/\/za-bolje-sutra.ddmaestral.hr\/index.php?rest_route=%2Fwp%2Fv2%2Fcomments&post=112"}],"version-history":[{"count":7,"href":"https:\/\/za-bolje-sutra.ddmaestral.hr\/index.php?rest_route=\/wp\/v2\/pages\/112\/revisions"}],"predecessor-version":[{"id":290,"href":"https:\/\/za-bolje-sutra.ddmaestral.hr\/index.php?rest_route=\/wp\/v2\/pages\/112\/revisions\/290"}],"wp:attachment":[{"href":"https:\/\/za-bolje-sutra.ddmaestral.hr\/index.php?rest_route=%2Fwp%2Fv2%2Fmedia&parent=112"}],"curies":[{"name":"wp","href":"https:\/\/api.w.org\/{rel}","templated":true}]}}