{"id":109,"date":"2025-12-10T13:02:05","date_gmt":"2025-12-10T13:02:05","guid":{"rendered":"https:\/\/za-bolje-sutra.ddmaestral.hr\/?page_id=109"},"modified":"2025-12-15T11:47:42","modified_gmt":"2025-12-15T10:47:42","slug":"prekvalifikacije","status":"publish","type":"page","link":"https:\/\/za-bolje-sutra.ddmaestral.hr\/?page_id=109","title":{"rendered":"Prekvalifikacije"},"content":{"rendered":"<p>[et_pb_section fb_built=&#8221;1&#8243; admin_label=&#8221;Image&#8221; _builder_version=&#8221;4.27.5&#8243; _module_preset=&#8221;default&#8221; background_enable_color=&#8221;off&#8221; use_background_color_gradient=&#8221;on&#8221; background_color_gradient_stops=&#8221;#282e6d 0%|#4449e0 50%|#ffffff 50%&#8221; custom_padding=&#8221;||||false|false&#8221; collapsed=&#8221;on&#8221; global_colors_info=&#8221;{}&#8221;][et_pb_row _builder_version=&#8221;4.19.2&#8243; _module_preset=&#8221;default&#8221; custom_padding=&#8221;0px||0px||true|false&#8221; global_colors_info=&#8221;{}&#8221;][et_pb_column type=&#8221;4_4&#8243; _builder_version=&#8221;4.19.2&#8243; _module_preset=&#8221;default&#8221; global_colors_info=&#8221;{}&#8221;][et_pb_text _builder_version=&#8221;4.27.5&#8243; _module_preset=&#8221;347af5a3-c72a-4753-98f0-4caed0107cd3&#8243; header_text_color=&#8221;#FFFFFF&#8221; custom_margin=&#8221;||10px||false|false&#8221; global_colors_info=&#8221;{}&#8221;]<\/p>\n<h1>Prekvalifikacije<\/h1>\n<p>[\/et_pb_text][\/et_pb_column][\/et_pb_row][et_pb_row custom_padding_last_edited=&#8221;off|desktop&#8221; _builder_version=&#8221;4.19.2&#8243; _module_preset=&#8221;default&#8221; custom_padding=&#8221;0px||0px||true|false&#8221; custom_padding_tablet=&#8221;30px|30px|30px|30px|true|true&#8221; custom_padding_phone=&#8221;20px|20px|20px|20px|true|true&#8221; border_radii=&#8221;on|15px|15px|15px|15px&#8221; border_width_all=&#8221;20px&#8221; border_color_all=&#8221;#FFFFFF&#8221; global_colors_info=&#8221;{}&#8221;][et_pb_column type=&#8221;4_4&#8243; _builder_version=&#8221;4.19.2&#8243; _module_preset=&#8221;default&#8221; global_colors_info=&#8221;{}&#8221;][et_pb_image src=&#8221;https:\/\/za-bolje-sutra.ddmaestral.hr\/wp-content\/uploads\/2025\/12\/zbs-016.png&#8221; title_text=&#8221;lms-15&#8243; align=&#8221;center&#8221; force_fullwidth=&#8221;on&#8221; _builder_version=&#8221;4.27.5&#8243; _module_preset=&#8221;default&#8221; global_colors_info=&#8221;{}&#8221;][\/et_pb_image][\/et_pb_column][\/et_pb_row][\/et_pb_section][et_pb_section fb_built=&#8221;1&#8243; background_color_2=&#8221;#FFFFFF&#8221; padding_top_2=&#8221;30px&#8221; padding_right_2=&#8221;30px&#8221; padding_bottom_2=&#8221;30px&#8221; padding_left_2=&#8221;30px&#8221; padding_top_bottom_link_2=&#8221;true&#8221; padding_left_right_link_2=&#8221;true&#8221; _builder_version=&#8221;4.19.2&#8243; _module_preset=&#8221;default&#8221; background_color=&#8221;#F8FAFB&#8221; global_colors_info=&#8221;{}&#8221;][et_pb_row _builder_version=&#8221;4.19.2&#8243; _module_preset=&#8221;default&#8221; global_colors_info=&#8221;{}&#8221;][et_pb_column type=&#8221;4_4&#8243; _builder_version=&#8221;4.19.2&#8243; _module_preset=&#8221;default&#8221; global_colors_info=&#8221;{}&#8221;][et_pb_text _builder_version=&#8221;4.27.5&#8243; _module_preset=&#8221;b18dcc86-82be-42f0-a0ca-451c50ab1160&#8243; custom_margin=&#8221;||10px||false|false&#8221; locked=&#8221;off&#8221; global_colors_info=&#8221;{}&#8221;]<\/p>\n<h2>Prekvalifikacije: Novi Po\u010detak u Kratkom Roku<\/h2>\n<p>[\/et_pb_text][et_pb_text _builder_version=&#8221;4.27.5&#8243; _module_preset=&#8221;82144740-623b-4a63-a3ee-603777fd545c&#8221; locked=&#8221;off&#8221; global_colors_info=&#8221;{}&#8221;]<\/p>\n<p data-path-to-node=\"4\">\u017delite li raditi u novom sektoru? Prekvalifikacija je <b>najbr\u017ei na\u010din do nove slu\u017ebene diplome<\/b> i tra\u017eenog zanimanja. Na\u0161i programi su intenzivni, prakti\u010dni i <b>akreditirani<\/b>, osiguravaju\u0107i da s novim zvanjem odmah budete konkurentni na tr\u017ei\u0161tu rada. <b>Promijenite svoju karijeru danas!<\/b><\/p>\n<p>[\/et_pb_text][et_pb_accordion toggle_icon=&#8221;&#x22;||divi||400&#8243; _builder_version=&#8221;4.27.5&#8243; _module_preset=&#8221;f6382139-9340-4c5b-a31b-d4a8aa46b516&#8243; hover_enabled=&#8221;0&#8243; locked=&#8221;off&#8221; global_colors_info=&#8221;{}&#8221; sticky_enabled=&#8221;0&#8243;][et_pb_accordion_item title=&#8221;Prekvalifikacija 1&#8243; open=&#8221;off&#8221; _builder_version=&#8221;4.19.2&#8243; _module_preset=&#8221;default&#8221; global_colors_info=&#8221;{}&#8221;]<\/p>\n<p data-path-to-node=\"4\">Link ili tekst 1<\/p>\n<p>[\/et_pb_accordion_item][et_pb_accordion_item title=&#8221;Prekvalifikacija 2&#8243; _builder_version=&#8221;4.19.2&#8243; _module_preset=&#8221;default&#8221; global_colors_info=&#8221;{}&#8221; open=&#8221;off&#8221;]<\/p>\n<p>Knjiga 1<\/p>\n<p>[\/et_pb_accordion_item][et_pb_accordion_item title=&#8221;Prekvalifikacija 3&#8243; _builder_version=&#8221;4.19.2&#8243; _module_preset=&#8221;default&#8221; global_colors_info=&#8221;{}&#8221; open=&#8221;off&#8221;]<\/p>\n<p>Video 1<\/p>\n<p>[\/et_pb_accordion_item][et_pb_accordion_item title=&#8221;Prekvalifikacija 4&#8243; _builder_version=&#8221;4.19.2&#8243; _module_preset=&#8221;default&#8221; global_colors_info=&#8221;{}&#8221; open=&#8221;off&#8221;]<\/p>\n<p>Stranica 1<\/p>\n<p>[\/et_pb_accordion_item][et_pb_accordion_item title=&#8221;Prekvalifikacija 5&#8243; _builder_version=&#8221;4.27.5&#8243; _module_preset=&#8221;default&#8221; hover_enabled=&#8221;0&#8243; global_colors_info=&#8221;{}&#8221; open=&#8221;off&#8221; sticky_enabled=&#8221;0&#8243;]<\/p>\n<p>Stranica 5<\/p>\n<p>[\/et_pb_accordion_item][et_pb_accordion_item title=&#8221;Prekvalifikacija 6&#8243; _builder_version=&#8221;4.27.5&#8243; _module_preset=&#8221;default&#8221; hover_enabled=&#8221;0&#8243; global_colors_info=&#8221;{}&#8221; open=&#8221;on&#8221; sticky_enabled=&#8221;0&#8243;]<\/p>\n<p>Tekst<\/p>\n<p>[\/et_pb_accordion_item][\/et_pb_accordion][\/et_pb_column][\/et_pb_row][\/et_pb_section][et_pb_section fb_built=&#8221;1&#8243; fullwidth=&#8221;on&#8221; _builder_version=&#8221;4.27.5&#8243; _module_preset=&#8221;default&#8221; global_colors_info=&#8221;{}&#8221;][et_pb_fullwidth_image src=&#8221;https:\/\/za-bolje-sutra.ddmaestral.hr\/wp-content\/uploads\/2025\/12\/zbs-100.png&#8221; _builder_version=&#8221;4.27.5&#8243; _module_preset=&#8221;default&#8221; global_colors_info=&#8221;{}&#8221;][\/et_pb_fullwidth_image][\/et_pb_section]<\/p>\n","protected":false},"excerpt":{"rendered":"<p>PrekvalifikacijePrekvalifikacije: Novi Po\u010detak u Kratkom Roku\u017delite li raditi u novom sektoru? Prekvalifikacija je najbr\u017ei na\u010din do nove slu\u017ebene diplome i tra\u017eenog zanimanja. Na\u0161i programi su intenzivni, prakti\u010dni i akreditirani, osiguravaju\u0107i da s novim zvanjem odmah budete konkurentni na tr\u017ei\u0161tu rada. Promijenite svoju karijeru danas!Link ili tekst 1Knjiga 1Video 1Stranica 1Stranica 5Tekst<\/p>\n","protected":false},"author":1,"featured_media":0,"parent":0,"menu_order":0,"comment_status":"closed","ping_status":"closed","template":"","meta":{"_et_pb_use_builder":"on","_et_pb_old_content":"<!-- wp:divi\/placeholder \/-->","_et_gb_content_width":"","footnotes":""},"class_list":["post-109","page","type-page","status-publish","hentry"],"_links":{"self":[{"href":"https:\/\/za-bolje-sutra.ddmaestral.hr\/index.php?rest_route=\/wp\/v2\/pages\/109","targetHints":{"allow":["GET"]}}],"collection":[{"href":"https:\/\/za-bolje-sutra.ddmaestral.hr\/index.php?rest_route=\/wp\/v2\/pages"}],"about":[{"href":"https:\/\/za-bolje-sutra.ddmaestral.hr\/index.php?rest_route=\/wp\/v2\/types\/page"}],"author":[{"embeddable":true,"href":"https:\/\/za-bolje-sutra.ddmaestral.hr\/index.php?rest_route=\/wp\/v2\/users\/1"}],"replies":[{"embeddable":true,"href":"https:\/\/za-bolje-sutra.ddmaestral.hr\/index.php?rest_route=%2Fwp%2Fv2%2Fcomments&post=109"}],"version-history":[{"count":8,"href":"https:\/\/za-bolje-sutra.ddmaestral.hr\/index.php?rest_route=\/wp\/v2\/pages\/109\/revisions"}],"predecessor-version":[{"id":295,"href":"https:\/\/za-bolje-sutra.ddmaestral.hr\/index.php?rest_route=\/wp\/v2\/pages\/109\/revisions\/295"}],"wp:attachment":[{"href":"https:\/\/za-bolje-sutra.ddmaestral.hr\/index.php?rest_route=%2Fwp%2Fv2%2Fmedia&parent=109"}],"curies":[{"name":"wp","href":"https:\/\/api.w.org\/{rel}","templated":true}]}}