{"id":107,"date":"2025-12-10T13:01:07","date_gmt":"2025-12-10T13:01:07","guid":{"rendered":"https:\/\/za-bolje-sutra.ddmaestral.hr\/?page_id=107"},"modified":"2025-12-15T11:48:56","modified_gmt":"2025-12-15T10:48:56","slug":"vecernje-skole","status":"publish","type":"page","link":"https:\/\/za-bolje-sutra.ddmaestral.hr\/?page_id=107","title":{"rendered":"Ve\u010dernje \u0161kole"},"content":{"rendered":"<p>[et_pb_section fb_built=&#8221;1&#8243; admin_label=&#8221;Image&#8221; _builder_version=&#8221;4.27.5&#8243; _module_preset=&#8221;default&#8221; background_enable_color=&#8221;off&#8221; use_background_color_gradient=&#8221;on&#8221; background_color_gradient_stops=&#8221;#282e6d 0%|#4449e0 50%|#ffffff 50%&#8221; custom_padding=&#8221;||||false|false&#8221; collapsed=&#8221;on&#8221; global_colors_info=&#8221;{}&#8221;][et_pb_row _builder_version=&#8221;4.19.2&#8243; _module_preset=&#8221;default&#8221; custom_padding=&#8221;0px||0px||true|false&#8221; global_colors_info=&#8221;{}&#8221;][et_pb_column type=&#8221;4_4&#8243; _builder_version=&#8221;4.19.2&#8243; _module_preset=&#8221;default&#8221; global_colors_info=&#8221;{}&#8221;][et_pb_text _builder_version=&#8221;4.27.5&#8243; _module_preset=&#8221;347af5a3-c72a-4753-98f0-4caed0107cd3&#8243; header_text_color=&#8221;#FFFFFF&#8221; custom_margin=&#8221;||10px||false|false&#8221; global_colors_info=&#8221;{}&#8221;]<\/p>\n<h1>Ve\u010dernje \u0161kole<\/h1>\n<p>[\/et_pb_text][\/et_pb_column][\/et_pb_row][et_pb_row custom_padding_last_edited=&#8221;off|desktop&#8221; _builder_version=&#8221;4.19.2&#8243; _module_preset=&#8221;default&#8221; custom_padding=&#8221;0px||0px||true|false&#8221; custom_padding_tablet=&#8221;30px|30px|30px|30px|true|true&#8221; custom_padding_phone=&#8221;20px|20px|20px|20px|true|true&#8221; border_radii=&#8221;on|15px|15px|15px|15px&#8221; border_width_all=&#8221;20px&#8221; border_color_all=&#8221;#FFFFFF&#8221; global_colors_info=&#8221;{}&#8221;][et_pb_column type=&#8221;4_4&#8243; _builder_version=&#8221;4.19.2&#8243; _module_preset=&#8221;default&#8221; global_colors_info=&#8221;{}&#8221;][et_pb_image src=&#8221;https:\/\/za-bolje-sutra.ddmaestral.hr\/wp-content\/uploads\/2025\/12\/zbs-016.png&#8221; title_text=&#8221;lms-15&#8243; align=&#8221;center&#8221; force_fullwidth=&#8221;on&#8221; _builder_version=&#8221;4.27.5&#8243; _module_preset=&#8221;default&#8221; global_colors_info=&#8221;{}&#8221;][\/et_pb_image][\/et_pb_column][\/et_pb_row][\/et_pb_section][et_pb_section fb_built=&#8221;1&#8243; background_color_2=&#8221;#FFFFFF&#8221; padding_top_2=&#8221;30px&#8221; padding_right_2=&#8221;30px&#8221; padding_bottom_2=&#8221;30px&#8221; padding_left_2=&#8221;30px&#8221; padding_top_bottom_link_2=&#8221;true&#8221; padding_left_right_link_2=&#8221;true&#8221; _builder_version=&#8221;4.19.2&#8243; _module_preset=&#8221;default&#8221; background_color=&#8221;#F8FAFB&#8221; global_colors_info=&#8221;{}&#8221;][et_pb_row _builder_version=&#8221;4.19.2&#8243; _module_preset=&#8221;default&#8221; global_colors_info=&#8221;{}&#8221;][et_pb_column type=&#8221;4_4&#8243; _builder_version=&#8221;4.19.2&#8243; _module_preset=&#8221;default&#8221; global_colors_info=&#8221;{}&#8221;][et_pb_text _builder_version=&#8221;4.27.5&#8243; _module_preset=&#8221;b18dcc86-82be-42f0-a0ca-451c50ab1160&#8243; custom_margin=&#8221;||10px||false|false&#8221; locked=&#8221;off&#8221; global_colors_info=&#8221;{}&#8221;]<\/p>\n<h2>Ve\u010dernje \u0161kole: Stvaranje Novih Prilika<\/h2>\n<p>[\/et_pb_text][et_pb_text _builder_version=&#8221;4.27.5&#8243; _module_preset=&#8221;82144740-623b-4a63-a3ee-603777fd545c&#8221; locked=&#8221;off&#8221; global_colors_info=&#8221;{}&#8221;]<\/p>\n<p data-path-to-node=\"4\">\u017delite zavr\u0161iti srednju \u0161kolu, prekvalificirati se ili ste\u0107i dodatno zvanje? Ve\u010dernje \u0161kole su <b>najfleksibilniji put do formalnog obrazovanja<\/b> za odrasle. Nastava je prilago\u0111ena radnom vremenu, a programi su usmjereni na brzi povratak u svijet u\u010denja i stjecanje <b>priznatih diploma i svjedod\u017ebi<\/b>. Zapo\u010dnite svoje obrazovanje ve\u010deras!<\/p>\n<p>[\/et_pb_text][et_pb_accordion toggle_icon=&#8221;&#x22;||divi||400&#8243; _builder_version=&#8221;4.27.5&#8243; _module_preset=&#8221;f6382139-9340-4c5b-a31b-d4a8aa46b516&#8243; hover_enabled=&#8221;0&#8243; locked=&#8221;off&#8221; global_colors_info=&#8221;{}&#8221; sticky_enabled=&#8221;0&#8243; border_width_all=&#8221;0px&#8221;][et_pb_accordion_item title=&#8221;\u0160kola 1&#8243; open=&#8221;off&#8221; _builder_version=&#8221;4.19.2&#8243; _module_preset=&#8221;default&#8221; global_colors_info=&#8221;{}&#8221;]<\/p>\n<p data-path-to-node=\"4\">Link ili tekst 1<\/p>\n<p>[\/et_pb_accordion_item][et_pb_accordion_item title=&#8221;\u0160kola 2&#8243; _builder_version=&#8221;4.19.2&#8243; _module_preset=&#8221;default&#8221; global_colors_info=&#8221;{}&#8221; open=&#8221;off&#8221;]<\/p>\n<p>Link ili tekst 2<\/p>\n<p>[\/et_pb_accordion_item][et_pb_accordion_item title=&#8221;\u0160kola 3&#8243; _builder_version=&#8221;4.19.2&#8243; _module_preset=&#8221;default&#8221; global_colors_info=&#8221;{}&#8221; open=&#8221;on&#8221;]<\/p>\n<p>Link ili tekst 3<\/p>\n<p>[\/et_pb_accordion_item][et_pb_accordion_item title=&#8221;\u0160kola 4&#8243; _builder_version=&#8221;4.19.2&#8243; _module_preset=&#8221;default&#8221; global_colors_info=&#8221;{}&#8221; open=&#8221;off&#8221;]<\/p>\n<p>Link ili tekst 4<\/p>\n<p>[\/et_pb_accordion_item][et_pb_accordion_item title=&#8221;\u0160kola 5&#8243; _builder_version=&#8221;4.27.5&#8243; _module_preset=&#8221;default&#8221; hover_enabled=&#8221;0&#8243; global_colors_info=&#8221;{}&#8221; open=&#8221;off&#8221; sticky_enabled=&#8221;0&#8243;]<\/p>\n<p><span>Link ili tekst 5<\/span><\/p>\n<p>[\/et_pb_accordion_item][et_pb_accordion_item title=&#8221;\u0160kola 6&#8243; _builder_version=&#8221;4.27.5&#8243; _module_preset=&#8221;default&#8221; hover_enabled=&#8221;0&#8243; global_colors_info=&#8221;{}&#8221; open=&#8221;off&#8221; sticky_enabled=&#8221;0&#8243;]<\/p>\n<p><span>Link ili tekst 6<\/span><\/p>\n<p>[\/et_pb_accordion_item][\/et_pb_accordion][\/et_pb_column][\/et_pb_row][\/et_pb_section][et_pb_section fb_built=&#8221;1&#8243; fullwidth=&#8221;on&#8221; _builder_version=&#8221;4.27.5&#8243; _module_preset=&#8221;default&#8221; global_colors_info=&#8221;{}&#8221;][et_pb_fullwidth_image src=&#8221;https:\/\/za-bolje-sutra.ddmaestral.hr\/wp-content\/uploads\/2025\/12\/zbs-100.png&#8221; _builder_version=&#8221;4.27.5&#8243; _module_preset=&#8221;default&#8221; global_colors_info=&#8221;{}&#8221;][\/et_pb_fullwidth_image][\/et_pb_section]<\/p>\n","protected":false},"excerpt":{"rendered":"<p>Ve\u010dernje \u0161koleVe\u010dernje \u0161kole: Stvaranje Novih Prilika\u017delite zavr\u0161iti srednju \u0161kolu, prekvalificirati se ili ste\u0107i dodatno zvanje? Ve\u010dernje \u0161kole su najfleksibilniji put do formalnog obrazovanja za odrasle. Nastava je prilago\u0111ena radnom vremenu, a programi su usmjereni na brzi povratak u svijet u\u010denja i stjecanje priznatih diploma i svjedod\u017ebi. Zapo\u010dnite svoje obrazovanje ve\u010deras!Link ili tekst 1Link ili tekst [&hellip;]<\/p>\n","protected":false},"author":1,"featured_media":0,"parent":0,"menu_order":0,"comment_status":"closed","ping_status":"closed","template":"","meta":{"_et_pb_use_builder":"on","_et_pb_old_content":"<!-- wp:divi\/placeholder \/-->","_et_gb_content_width":"","footnotes":""},"class_list":["post-107","page","type-page","status-publish","hentry"],"_links":{"self":[{"href":"https:\/\/za-bolje-sutra.ddmaestral.hr\/index.php?rest_route=\/wp\/v2\/pages\/107","targetHints":{"allow":["GET"]}}],"collection":[{"href":"https:\/\/za-bolje-sutra.ddmaestral.hr\/index.php?rest_route=\/wp\/v2\/pages"}],"about":[{"href":"https:\/\/za-bolje-sutra.ddmaestral.hr\/index.php?rest_route=\/wp\/v2\/types\/page"}],"author":[{"embeddable":true,"href":"https:\/\/za-bolje-sutra.ddmaestral.hr\/index.php?rest_route=\/wp\/v2\/users\/1"}],"replies":[{"embeddable":true,"href":"https:\/\/za-bolje-sutra.ddmaestral.hr\/index.php?rest_route=%2Fwp%2Fv2%2Fcomments&post=107"}],"version-history":[{"count":8,"href":"https:\/\/za-bolje-sutra.ddmaestral.hr\/index.php?rest_route=\/wp\/v2\/pages\/107\/revisions"}],"predecessor-version":[{"id":296,"href":"https:\/\/za-bolje-sutra.ddmaestral.hr\/index.php?rest_route=\/wp\/v2\/pages\/107\/revisions\/296"}],"wp:attachment":[{"href":"https:\/\/za-bolje-sutra.ddmaestral.hr\/index.php?rest_route=%2Fwp%2Fv2%2Fmedia&parent=107"}],"curies":[{"name":"wp","href":"https:\/\/api.w.org\/{rel}","templated":true}]}}